{"id":17,"date":"2025-12-01T14:11:43","date_gmt":"2025-12-01T13:11:43","guid":{"rendered":"https:\/\/tradsignalscapital.com\/?page_id=17"},"modified":"2026-01-22T13:52:23","modified_gmt":"2026-01-22T12:52:23","slug":"inicio","status":"publish","type":"page","link":"https:\/\/tradsignalscapital.com\/","title":{"rendered":"TradSignals Capital"},"content":{"rendered":"\n<p class=\"has-text-align-left has-medium-font-size\"><strong><a href=\"#english\">ENGLISH<\/a><\/strong><\/p>\n\n\n\n<p class=\"has-large-font-size\"><strong>\u00bfEst\u00e1s empezando en Bitcoin o ya tienes experiencia y no quieres seguir perdiendo dinero?<\/strong><\/p>\n\n\n\n<p class=\"has-medium-font-size\">Hola, me llamo Jose y<strong> llevo operando en el mercado de criptomonedas desde 2018<\/strong>. <strong>Soy trader profesional<\/strong> y pago mis facturas gracias a mis operaciones de trading.<\/p>\n\n\n\n<p class=\"has-medium-font-size\"><strong>Este canal est\u00e1 dise\u00f1ado para<\/strong> <strong>quienes quieren operar con seguridad y reglas claras<\/strong>:<\/p>\n\n\n\n<ul class=\"wp-block-list\">\n<li class=\"has-medium-font-size\"><strong>+80% de aciertos<\/strong>.<\/li>\n\n\n\n<li class=\"has-medium-font-size\"><strong>Trader con m\u00e1s de 7 a\u00f1os de experiencia<\/strong>.<\/li>\n\n\n\n<li class=\"has-medium-font-size\"><strong>\u00a0Se\u00f1ales simples: entrada, take profit y stop loss<\/strong>.<\/li>\n\n\n\n<li class=\"has-medium-font-size\"><strong>&nbsp;Sin ruido, sin improvisar<\/strong>.<\/li>\n<\/ul>\n\n\n\n<p class=\"has-medium-font-size\"><strong>En este canal ofrezco:<\/strong><\/p>\n\n\n\n<ul class=\"wp-block-list\">\n<li class=\"has-medium-font-size\">An\u00e1lisis diario de BTC. (5 actualizaciones a la semana).<\/li>\n\n\n\n<li class=\"has-medium-font-size\">Cada configuraci\u00f3n lleva su TakeProfit y Stop Loss.<\/li>\n\n\n\n<li class=\"has-medium-font-size\">Configuraciones de trading para Bitcoin (BTC).<\/li>\n\n\n\n<li class=\"has-medium-font-size\">Marcos temporales D1, H4 y H1.<\/li>\n<\/ul>\n\n\n\n<hr class=\"wp-block-separator has-text-color has-contrast-color has-alpha-channel-opacity has-contrast-background-color has-background is-style-default\" style=\"margin-top:30px;margin-bottom:30px\"\/>\n\n\n\n<p class=\"has-text-align-right has-medium-font-size\">Precio:<\/p>\n\n\n\n<p class=\"has-text-align-right has-medium-font-size\">3 meses &#8211; $150<\/p>\n\n\n\n<p class=\"has-text-align-right has-medium-font-size\">6 meses &#8211; $270<\/p>\n\n\n\n<p class=\"has-text-align-right has-medium-font-size\">12 meses &#8211; $510<\/p>\n\n\n\n<div class=\"wp-block-buttons is-content-justification-center is-layout-flex wp-container-core-buttons-is-layout-a89b3969 wp-block-buttons-is-layout-flex\">\n<div class=\"wp-block-button has-custom-width wp-block-button__width-50\"><a class=\"wp-block-button__link has-text-align-center wp-element-button\" href=\"#PAGO\"><strong>PAGO<\/strong><br>(USDT, BTC, ETH y m\u00e1s)<\/a><\/div>\n<\/div>\n\n\n\n<p class=\"has-text-align-center has-small-font-size\"><strong>Cuando pagas con crypto, t\u00fa y yo ahorramos dinero:<\/strong><\/p>\n\n\n\n<p class=\"has-text-align-center has-small-font-size\"><strong>Sin impuestos &#8211; Sin tarifas de procesamiento de pago &#8211; Es an\u00f3nimo<\/strong><\/p>\n\n\n\n<hr class=\"wp-block-separator has-text-color has-contrast-color has-alpha-channel-opacity has-contrast-background-color has-background\" style=\"margin-top:var(--wp--preset--spacing--20);margin-bottom:var(--wp--preset--spacing--20)\"\/>\n\n\n\n<p><strong>FAQs<\/strong><\/p>\n\n\n\n<p class=\"is-style-default has-small-font-size\"><strong>\u00bfPor qu\u00e9 has creado este canal de se\u00f1ales?<\/strong><\/p>\n\n\n\n<p class=\"is-style-default has-small-font-size\">Me gusta ense\u00f1ar mi trabajo, interactuar con otras personas que deseen iniciarse en el mundo del trading y ayudarles a aumentar su capital. Es este el motivo de que el precio sea tan econ\u00f3mico, no busco enriquecerme con este canal de se\u00f1ales. <\/p>\n\n\n\n<p class=\"is-style-default has-small-font-size\"><strong>\u00bfC\u00f3mo se entrega el an\u00e1lisis y la informaci\u00f3n?<\/strong><\/p>\n\n\n\n<p class=\"has-small-font-size\">Se entrega a trav\u00e9s de dos canales de Telegram exclusivos y privados al que solo tienes acceso una vez realizado el pago.<\/p>\n\n\n\n<p class=\"has-small-font-size\"><strong>\u00bfEs posible contratar solo un mes?<\/strong><\/p>\n\n\n\n<p class=\"has-small-font-size\">No. Me interesa gente comprometida con el trading y las operaciones que realizo. En un mes no puedo garantizar resultados.<\/p>\n\n\n\n<p class=\"has-small-font-size\"><strong>\u00bfPuedo pagar con EUR o USD?<\/strong><\/p>\n\n\n\n<p class=\"has-small-font-size\">No. Solo con Crypto.<\/p>\n\n\n\n<p class=\"has-small-font-size\"><strong>\u00bfCu\u00e1l es la estrategia que utilizas?<\/strong><\/p>\n\n\n\n<p class=\"has-small-font-size\">Si te lo contara no tendr\u00eda sentido este canal. Es una estrategia muy personal desarrollada y perfeccionada a lo largo de los a\u00f1os de experiencia.<\/p>\n\n\n\n<p class=\"has-small-font-size\"><strong>\u00bfUtilizas robots?<\/strong><\/p>\n\n\n\n<p class=\"has-small-font-size\">No, todos los an\u00e1lisis y ejecuci\u00f3n de \u00f3rdenes se realizan de forma manual.<\/p>\n\n\n\n<p class=\"has-small-font-size\"><strong>\u00bfSe pueden automatizar las se\u00f1ales que mandas?<\/strong><\/p>\n\n\n\n<p class=\"has-small-font-size\">Las se\u00f1ales se env\u00edan por el grupo de Telegram. Es responsabilidad tuya crear un mecanismo para automatizarlas si as\u00ed lo deseas.<\/p>\n\n\n\n<p class=\"has-small-font-size\"><strong>\u00bfRealizas formaciones uno a uno?<\/strong><\/p>\n\n\n\n<p class=\"has-small-font-size\">Contacta conmigo y hablamos.<\/p>\n\n\n\n<div class=\"wp-block-buttons is-content-justification-center is-layout-flex wp-container-core-buttons-is-layout-a89b3969 wp-block-buttons-is-layout-flex\">\n<div class=\"wp-block-button\"><a class=\"wp-block-button__link has-background has-medium-font-size has-custom-font-size wp-element-button\" href=\"https:\/\/t.me\/TradSignalsCapital\" style=\"background:linear-gradient(135deg,rgb(6,147,227) 100%,rgb(155,81,224) 100%);padding-right:var(--wp--preset--spacing--50);padding-left:var(--wp--preset--spacing--50)\" target=\"_blank\" rel=\"noreferrer noopener nofollow\"><strong>Mi Telegram<\/strong><\/a><\/div>\n<\/div>\n\n\n\n<hr class=\"wp-block-separator has-text-color has-contrast-color has-alpha-channel-opacity has-contrast-background-color has-background is-style-default\" style=\"margin-top:var(--wp--preset--spacing--50);margin-bottom:var(--wp--preset--spacing--50)\"\/>\n\n\n\n<p class=\"has-text-align-center\" id=\"english\"><strong>ENGLISH<\/strong><\/p>\n\n\n\n<p class=\"has-large-font-size\"><strong>Are you new to Bitcoin or experienced trader and don&#8217;t want to keep losing money?<\/strong><\/p>\n\n\n\n<p class=\"has-medium-font-size\">Hi, my name is Jose, and I&#8217;ve been trading in the crypto market since 2018. <\/p>\n\n\n\n<p class=\"has-medium-font-size\">I&#8217;m a professional trader and I pay my bills through my trading.<\/p>\n\n\n\n<p class=\"has-medium-font-size\">This channel is designed for persons who want to trade safely and with clear rules:<\/p>\n\n\n\n<ul class=\"wp-block-list\">\n<li class=\"has-medium-font-size\"><strong>Over 80% success rate<\/strong><\/li>\n\n\n\n<li class=\"has-medium-font-size\"><strong>Trader with more than 7 years of experience<\/strong><\/li>\n\n\n\n<li class=\"has-medium-font-size\"><strong>Simple signals: entry, take profit and stop loss<\/strong><\/li>\n\n\n\n<li class=\"has-medium-font-size\"><strong>No noise, no improvisation<\/strong><\/li>\n<\/ul>\n\n\n\n<p class=\"has-medium-font-size\">On this channel, I offer:<\/p>\n\n\n\n<ul class=\"wp-block-list\">\n<li class=\"has-medium-font-size\">Daily BTC analysis (5 updates per week).<\/li>\n\n\n\n<li class=\"has-medium-font-size\">Each setup includes its own Take Profit and Stop Loss levels.<\/li>\n\n\n\n<li class=\"has-medium-font-size\">Trading setups for Bitcoin (BTC).<\/li>\n\n\n\n<li class=\"has-medium-font-size\">D1, H4 and H1 timeframes.<\/li>\n<\/ul>\n\n\n\n<hr class=\"wp-block-separator has-text-color has-contrast-color has-alpha-channel-opacity has-contrast-background-color has-background is-style-default\" style=\"margin-top:30px;margin-bottom:30px\"\/>\n\n\n\n<p class=\"has-text-align-right has-medium-font-size\">Price:<\/p>\n\n\n\n<p class=\"has-text-align-right has-medium-font-size\">3 months &#8211; $150<\/p>\n\n\n\n<p class=\"has-text-align-right has-medium-font-size\">6 months &#8211; $270<\/p>\n\n\n\n<p class=\"has-text-align-right has-medium-font-size\">12 months &#8211; $510<\/p>\n\n\n\n<div class=\"wp-block-buttons is-content-justification-center is-layout-flex wp-container-core-buttons-is-layout-a89b3969 wp-block-buttons-is-layout-flex\">\n<div class=\"wp-block-button has-custom-width wp-block-button__width-50\"><a class=\"wp-block-button__link has-text-align-center wp-element-button\" href=\"#PAGO\"><strong>PAYMENT<\/strong><br>(USDT, BTC, ETH and more)<\/a><\/div>\n<\/div>\n\n\n\n<p class=\"has-text-align-center has-small-font-size\"><strong>When payment is with crypto, you and I save money:<\/strong><\/p>\n\n\n\n<p class=\"has-text-align-center has-small-font-size\"><strong>No taxes for you &#8211; No procesing fees for me | &#8211; It\u00b4s anonymous<\/strong><\/p>\n\n\n\n<hr class=\"wp-block-separator has-text-color has-contrast-color has-alpha-channel-opacity has-contrast-background-color has-background is-style-default\" style=\"margin-top:var(--wp--preset--spacing--20);margin-bottom:var(--wp--preset--spacing--20)\"\/>\n\n\n\n<p><strong>FAQs<\/strong><\/p>\n\n\n\n<p class=\"has-small-font-size\"><strong>Why did you create this signal channel?<\/strong><\/p>\n\n\n\n<p class=\"has-small-font-size\">I enjoy sharing my work, interacting with others who want to get started in the world of trading, and helping them grow their capital. That&#8217;s why the price is so affordable; I&#8217;m not looking to get rich from this signals channel.<\/p>\n\n\n\n<p class=\"has-small-font-size\"><strong>How is the analysis and information delivered?<\/strong><\/p>\n\n\n\n<p class=\"has-small-font-size\">It is delivered through two exclusive and private Telegram channels that you can only access once payment has been made.<\/p>\n\n\n\n<p class=\"has-small-font-size\"><strong>Is it possible to contract for just one month?<\/strong><\/p>\n\n\n\n<p class=\"has-small-font-size\">No. I&#8217;m interested in people who are committed to trading and the operations I carry out. I can&#8217;t guarantee results in a month.<\/p>\n\n\n\n<p class=\"has-small-font-size\"><strong>Can I pay with EUR or USD?<\/strong><\/p>\n\n\n\n<p class=\"has-small-font-size\">No. Only with Crypto.<\/p>\n\n\n\n<p class=\"has-small-font-size\"><strong>What strategy do you use?<\/strong><\/p>\n\n\n\n<p class=\"has-small-font-size\">If I told you, this channel wouldn&#8217;t make sense. It&#8217;s a very personal strategy developed and perfected over years of experience.<\/p>\n\n\n\n<p class=\"has-small-font-size\"><strong>Do you use bots?<\/strong><\/p>\n\n\n\n<p class=\"has-small-font-size\">No, all analysis and order execution are done manually.<\/p>\n\n\n\n<p class=\"has-small-font-size\"><strong>Can the signals you send be automated?<\/strong><\/p>\n\n\n\n<p class=\"has-small-font-size\">The signals are sent through the Telegram group. It is your responsibility to create a mechanism to automate them if you wish.<\/p>\n\n\n\n<p class=\"has-small-font-size\"><strong>Do you offer one-on-one training?<\/strong><\/p>\n\n\n\n<p class=\"has-small-font-size\">Contact me and we&#8217;ll talk.<\/p>\n\n\n\n<div class=\"wp-block-buttons is-content-justification-center is-layout-flex wp-container-core-buttons-is-layout-a89b3969 wp-block-buttons-is-layout-flex\">\n<div class=\"wp-block-button\"><a class=\"wp-block-button__link has-background has-medium-font-size has-custom-font-size wp-element-button\" href=\"https:\/\/t.me\/TradSignalsCapital\" style=\"background:linear-gradient(135deg,rgb(6,147,227) 100%,rgb(155,81,224) 100%);padding-right:var(--wp--preset--spacing--50);padding-left:var(--wp--preset--spacing--50)\" target=\"_blank\" rel=\"noreferrer noopener nofollow\"><strong>M<\/strong>y<strong> Telegram<\/strong><\/a><\/div>\n<\/div>\n\n\n\n<hr class=\"wp-block-separator has-text-color has-contrast-color has-alpha-channel-opacity has-contrast-background-color has-background is-style-default\" style=\"margin-top:var(--wp--preset--spacing--40);margin-bottom:var(--wp--preset--spacing--40)\"\/>\n\n\n\n<h2 class=\"wp-block-heading has-text-align-center has-x-large-font-size\" id=\"PAGO\">Crypto Wallets<\/h2>\n\n\n\n<p class=\"has-text-align-center has-medium-font-size\"><strong>USDT or USDC (ERC20, BEP20)<\/strong><\/p>\n\n\n\n<p class=\"has-text-align-center\" style=\"font-size:clamp(14px, 0.875rem + ((1vw - 3.2px) * 0.196), 16px);\">0x713F6E91C68954c9ddc3cd84dDbf059C40A8a9bb<\/p>\n\n\n\n<p class=\"has-text-align-center has-medium-font-size\"><strong>ETH (ERC20)<\/strong><\/p>\n\n\n\n<p class=\"has-text-align-center\" style=\"font-size:clamp(14px, 0.875rem + ((1vw - 3.2px) * 0.196), 16px);\">0x713F6E91C68954c9ddc3cd84dDbf059C40A8a9bb<\/p>\n\n\n\n<p class=\"has-text-align-center has-medium-font-size\"><strong>BTC<\/strong><\/p>\n\n\n\n<p class=\"has-text-align-center\" style=\"font-size:clamp(14px, 0.875rem + ((1vw - 3.2px) * 0.196), 16px);\">bc1qqrc6jef767k26tx8lss75vwp6ply4e2hga9ehh<\/p>\n\n\n\n<p class=\"has-text-align-center has-text-color has-link-color has-small-font-size wp-elements-6d64c2edfa1892d6cc78a4221873e4ce\" style=\"color:#ff0000\"><strong>Despu\u00e9s del pago, env\u00edame una captura de pantalla en Telegram.<\/strong><\/p>\n\n\n\n<p class=\"has-text-align-center has-text-color has-link-color has-small-font-size wp-elements-cd116298f9f71232dfb63ac5d890ac8a\" style=\"color:#ff0000\"><strong>After successful payment&nbsp;just send me a screenshot on Telegram.<\/strong><\/p>\n\n\n\n<hr class=\"wp-block-separator has-text-color has-contrast-color has-alpha-channel-opacity has-contrast-background-color has-background is-style-default\" style=\"margin-top:30px;margin-bottom:30px\"\/>\n\n\n\n<p class=\"has-text-align-center has-small-font-size\">Si necesitas ayuda, m\u00e1ndame un mensaje y te ayudo<\/p>\n\n\n\n<p class=\"has-text-align-center has-small-font-size\">If you need help, drop me a message and I\u2019ll help<\/p>\n\n\n\n<div class=\"wp-block-buttons is-content-justification-center is-layout-flex wp-container-core-buttons-is-layout-a89b3969 wp-block-buttons-is-layout-flex\">\n<div class=\"wp-block-button\"><a class=\"wp-block-button__link has-background has-medium-font-size has-custom-font-size wp-element-button\" href=\"https:\/\/t.me\/TradSignalsCapital\" style=\"background:linear-gradient(135deg,rgb(6,147,227) 100%,rgb(155,81,224) 100%);padding-right:var(--wp--preset--spacing--50);padding-left:var(--wp--preset--spacing--50)\" target=\"_blank\" rel=\"noreferrer noopener nofollow\"><strong>M<\/strong>y<strong> Telegram<\/strong><\/a><\/div>\n<\/div>\n\n\n\n<p><\/p>\n","protected":false},"excerpt":{"rendered":"<p>ENGLISH \u00bfEst\u00e1s empezando en Bitcoin o ya tienes experiencia y no quieres seguir perdiendo dinero? Hola, me llamo Jose y llevo operando en el mercado de criptomonedas desde 2018. Soy trader profesional y pago mis facturas gracias a mis operaciones de trading. Este canal est\u00e1 dise\u00f1ado para quienes quieren operar con seguridad y reglas claras: [&hellip;]<\/p>\n","protected":false},"author":1,"featured_media":0,"parent":0,"menu_order":0,"comment_status":"closed","ping_status":"closed","template":"","meta":{"footnotes":""},"class_list":["post-17","page","type-page","status-publish","hentry"],"_links":{"self":[{"href":"https:\/\/tradsignalscapital.com\/index.php?rest_route=\/wp\/v2\/pages\/17","targetHints":{"allow":["GET"]}}],"collection":[{"href":"https:\/\/tradsignalscapital.com\/index.php?rest_route=\/wp\/v2\/pages"}],"about":[{"href":"https:\/\/tradsignalscapital.com\/index.php?rest_route=\/wp\/v2\/types\/page"}],"author":[{"embeddable":true,"href":"https:\/\/tradsignalscapital.com\/index.php?rest_route=\/wp\/v2\/users\/1"}],"replies":[{"embeddable":true,"href":"https:\/\/tradsignalscapital.com\/index.php?rest_route=%2Fwp%2Fv2%2Fcomments&post=17"}],"version-history":[{"count":49,"href":"https:\/\/tradsignalscapital.com\/index.php?rest_route=\/wp\/v2\/pages\/17\/revisions"}],"predecessor-version":[{"id":73,"href":"https:\/\/tradsignalscapital.com\/index.php?rest_route=\/wp\/v2\/pages\/17\/revisions\/73"}],"wp:attachment":[{"href":"https:\/\/tradsignalscapital.com\/index.php?rest_route=%2Fwp%2Fv2%2Fmedia&parent=17"}],"curies":[{"name":"wp","href":"https:\/\/api.w.org\/{rel}","templated":true}]}}